{"id":415,"date":"2019-02-21T20:08:24","date_gmt":"2019-02-21T20:08:24","guid":{"rendered":"http:\/\/caquet.es\/?page_id=415"},"modified":"2019-02-21T20:08:25","modified_gmt":"2019-02-21T20:08:25","slug":"treibgut","status":"publish","type":"page","link":"https:\/\/caquet.es\/?page_id=415","title":{"rendered":"Treibgut"},"content":{"rendered":"<div id=\"dslc-content\" class=\"dslc-content dslc-clearfix\"><div id=\"dslc-main\">\r\n\t\t\t<div  class=\"dslc-modules-section \" style=\"\" data-section-id=\"0e489d138c7\">\r\n\t\t\t\t\r\n\t\t\t\t\r\n\t\t\t\t<div class=\"dslc-modules-section-wrapper dslc-clearfix\"><div  class=\"dslc-modules-area dslc-col dslc-12-col dslc-last-col dslc-valign- \" data-size=\"12\" data-valign=\"\" data-modules-area-id=\"\" ><style type=\"text\/css\" id=\"dslca-modules-area-\"><\/style>\r\n\t\t<div id=\"dslc-module-19c8686f007\" class=\"dslc-module-front dslc-module-DSLC_TP_Title dslc-in-viewport-check dslc-in-viewport-anim-none  dslc-col dslc-12-col dslc-last-col  dslc-module-handle-like-regular \" data-module-id=\"19c8686f007\" data-module=\"DSLC_TP_Title\" data-dslc-module-size=\"12\" data-dslc-anim=\"none\" data-dslc-anim-delay=\"\" data-dslc-anim-duration=\"650\"  data-dslc-anim-easing=\"ease\" data-dslc-preset=\"none\" >\r\n\r\n\t\t\t\r\n\t\t\t\r\n\t\t\r\n\t<div class=\"dslc-tp-title\">\r\n\t\t\t\t\t<div class=\"dslc-tp-title\"><h1>Treibgut<\/h1><\/div>\r\n\t\t\t<\/div>\r\n\r\n\t\r\n\t\t\t\t<\/div><!-- .dslc-module -->\r\n\t\t\r\n\t\t<div id=\"dslc-module-30ae5b47756\" class=\"dslc-module-front dslc-module-DSLC_Text_Simple dslc-in-viewport-check dslc-in-viewport-anim-none  dslc-col dslc-12-col dslc-last-col  dslc-module-handle-like-regular \" data-module-id=\"30ae5b47756\" data-module=\"DSLC_Text_Simple\" data-dslc-module-size=\"12\" data-dslc-anim=\"none\" data-dslc-anim-delay=\"\" data-dslc-anim-duration=\"650\"  data-dslc-anim-easing=\"ease\" data-dslc-preset=\"none\" >\r\n\r\n\t\t\t\r\n\t\t\t\r\n\t\t\n\t\t<div class=\"dslc-text-module-content\">\n\t\t\t<p style=\"text-align: center;\">DoP - Short Fic<\/p>\t\t<\/div>\n\n\t\t\r\n\t\t\t\t<\/div><!-- .dslc-module -->\r\n\t\t\r\n\t\t<div id=\"dslc-module-9e9b8c7423a\" class=\"dslc-module-front dslc-module-DSLC_Image dslc-in-viewport-check dslc-in-viewport-anim-none  dslc-col dslc-12-col dslc-last-col  dslc-module-handle-like-regular \" data-module-id=\"9e9b8c7423a\" data-module=\"DSLC_Image\" data-dslc-module-size=\"12\" data-dslc-anim=\"none\" data-dslc-anim-delay=\"\" data-dslc-anim-duration=\"650\"  data-dslc-anim-easing=\"ease\" data-dslc-preset=\"none\" >\r\n\r\n\t\t\t\r\n\t\t\t\r\n\t\t\t\t<div class=\"dslc-image-container\">\r\n\t\t<div class=\"dslc-image\">\r\n\r\n\t\t\t\r\n\t\t\t\t\r\n\t\t\t\t\t\t\t\t\t<img src=\"https:\/\/caquet.es\/wp-content\/uploads\/2019\/02\/Treibgut__0006.jpg\" alt=\"\" title=\"\" srcset=\"https:\/\/caquet.es\/wp-content\/uploads\/2019\/02\/Treibgut__0006.jpg 1920w, https:\/\/caquet.es\/wp-content\/uploads\/2019\/02\/Treibgut__0006-300x157.jpg 300w, https:\/\/caquet.es\/wp-content\/uploads\/2019\/02\/Treibgut__0006-768x402.jpg 768w, https:\/\/caquet.es\/wp-content\/uploads\/2019\/02\/Treibgut__0006-1024x537.jpg 1024w\" sizes=\"(max-width: 1920px) 100vw, 1920px\" \/>\r\n\t\t\t\t\r\n\t\t\t\t\t\t\t\t\t<\/div><!-- .dslc-image -->\r\n\t\t<\/div>\r\n\t\t\r\n\t\t\t\t<\/div><!-- .dslc-module -->\r\n\t\t\r\n\t\t<div id=\"dslc-module-1af48f1ede0\" class=\"dslc-module-front dslc-module-DSLC_Text_Simple dslc-in-viewport-check dslc-in-viewport-anim-none  dslc-col dslc-12-col dslc-last-col  dslc-module-handle-like-regular \" data-module-id=\"1af48f1ede0\" data-module=\"DSLC_Text_Simple\" data-dslc-module-size=\"12\" data-dslc-anim=\"none\" data-dslc-anim-delay=\"\" data-dslc-anim-duration=\"650\"  data-dslc-anim-easing=\"ease\" data-dslc-preset=\"none\" >\r\n\r\n\t\t\t\r\n\t\t\t\r\n\t\t\n\t\t<div class=\"dslc-text-module-content\">\n\t\t\t<p style=\"text-align: left;\">\u00a0F\u00fcr Michael scheint nichts schwieriger zu sein als sich zu entscheiden. Ein Zustand der ihn gegen\u00fcber der Welt zu paralysieren scheint.<br>Sein Umfeld ist ihm dabei keine Hilfe. Vehement werden klare Antworten und Entscheidungen verlangt. Unschl\u00fcssig l\u00e4sst er sich hin und her treiben. Zwischen famili\u00e4ren Zukunftspl\u00e4nen und der zum Lebensprinzip erhobenen Orientierungslosigkeit seiner Freunde. Zwischen Blasmusik und w\u00fcsten Musikexperimenten.<br>Von unvereinbaren Erwartungshaltungen zerrissen, droht er, auf seiner Suche im Heuhaufen der Lebensentw\u00fcrfe, zu verschwinden.<\/p>\t\t<\/div>\n\n\t\t\r\n\t\t\t\t<\/div><!-- .dslc-module -->\r\n\t\t\r\n\t\t<div id=\"dslc-module-86975c01135\" class=\"dslc-module-front dslc-module-DSLC_Image dslc-in-viewport-check dslc-in-viewport-anim-none  dslc-col dslc-6-col  dslc-module-handle-like-regular \" data-module-id=\"86975c01135\" data-module=\"DSLC_Image\" data-dslc-module-size=\"6\" data-dslc-anim=\"none\" data-dslc-anim-delay=\"\" data-dslc-anim-duration=\"650\"  data-dslc-anim-easing=\"ease\" data-dslc-preset=\"none\" >\r\n\r\n\t\t\t\r\n\t\t\t\r\n\t\t\t\t<div class=\"dslc-image-container\">\r\n\t\t<div class=\"dslc-image\">\r\n\r\n\t\t\t\r\n\t\t\t\t\r\n\t\t\t\t\t\t\t\t\t<img src=\"https:\/\/caquet.es\/wp-content\/uploads\/2019\/02\/Treibgut__0005.jpg\" alt=\"\" title=\"\" srcset=\"https:\/\/caquet.es\/wp-content\/uploads\/2019\/02\/Treibgut__0005.jpg 1920w, https:\/\/caquet.es\/wp-content\/uploads\/2019\/02\/Treibgut__0005-300x157.jpg 300w, https:\/\/caquet.es\/wp-content\/uploads\/2019\/02\/Treibgut__0005-768x402.jpg 768w, https:\/\/caquet.es\/wp-content\/uploads\/2019\/02\/Treibgut__0005-1024x537.jpg 1024w\" sizes=\"(max-width: 1920px) 100vw, 1920px\" \/>\r\n\t\t\t\t\r\n\t\t\t\t\t\t\t\t\t<\/div><!-- .dslc-image -->\r\n\t\t<\/div>\r\n\t\t\r\n\t\t\t\t<\/div><!-- .dslc-module -->\r\n\t\t\r\n\t\t<div id=\"dslc-module-a15266654c2\" class=\"dslc-module-front dslc-module-DSLC_Image dslc-in-viewport-check dslc-in-viewport-anim-none  dslc-col dslc-6-col dslc-last-col  dslc-module-handle-like-regular \" data-module-id=\"a15266654c2\" data-module=\"DSLC_Image\" data-dslc-module-size=\"6\" data-dslc-anim=\"none\" data-dslc-anim-delay=\"\" data-dslc-anim-duration=\"650\"  data-dslc-anim-easing=\"ease\" data-dslc-preset=\"none\" >\r\n\r\n\t\t\t\r\n\t\t\t\r\n\t\t\t\t<div class=\"dslc-image-container\">\r\n\t\t<div class=\"dslc-image\">\r\n\r\n\t\t\t\r\n\t\t\t\t\r\n\t\t\t\t\t\t\t\t\t<img src=\"https:\/\/caquet.es\/wp-content\/uploads\/2019\/02\/Treibgut__0003.jpg\" alt=\"\" title=\"\" srcset=\"https:\/\/caquet.es\/wp-content\/uploads\/2019\/02\/Treibgut__0003.jpg 1920w, https:\/\/caquet.es\/wp-content\/uploads\/2019\/02\/Treibgut__0003-300x157.jpg 300w, https:\/\/caquet.es\/wp-content\/uploads\/2019\/02\/Treibgut__0003-768x402.jpg 768w, https:\/\/caquet.es\/wp-content\/uploads\/2019\/02\/Treibgut__0003-1024x537.jpg 1024w\" sizes=\"(max-width: 1920px) 100vw, 1920px\" \/>\r\n\t\t\t\t\r\n\t\t\t\t\t\t\t\t\t<\/div><!-- .dslc-image -->\r\n\t\t<\/div>\r\n\t\t\r\n\t\t\t\t<\/div><!-- .dslc-module -->\r\n\t\t\r\n\t\t<div id=\"dslc-module-2b88a28ad94\" class=\"dslc-module-front dslc-module-DSLC_Image dslc-in-viewport-check dslc-in-viewport-anim-none  dslc-col dslc-12-col dslc-last-col  dslc-module-handle-like-regular \" data-module-id=\"2b88a28ad94\" data-module=\"DSLC_Image\" data-dslc-module-size=\"12\" data-dslc-anim=\"none\" data-dslc-anim-delay=\"\" data-dslc-anim-duration=\"650\"  data-dslc-anim-easing=\"ease\" data-dslc-preset=\"none\" >\r\n\r\n\t\t\t\r\n\t\t\t\r\n\t\t\t\t<div class=\"dslc-image-container\">\r\n\t\t<div class=\"dslc-image\">\r\n\r\n\t\t\t\r\n\t\t\t\t\r\n\t\t\t\t\t\t\t\t\t<img src=\"https:\/\/caquet.es\/wp-content\/uploads\/2019\/02\/Treibgut__0004.jpg\" alt=\"\" title=\"\" srcset=\"https:\/\/caquet.es\/wp-content\/uploads\/2019\/02\/Treibgut__0004.jpg 1920w, https:\/\/caquet.es\/wp-content\/uploads\/2019\/02\/Treibgut__0004-300x157.jpg 300w, https:\/\/caquet.es\/wp-content\/uploads\/2019\/02\/Treibgut__0004-768x402.jpg 768w, https:\/\/caquet.es\/wp-content\/uploads\/2019\/02\/Treibgut__0004-1024x537.jpg 1024w\" sizes=\"(max-width: 1920px) 100vw, 1920px\" \/>\r\n\t\t\t\t\r\n\t\t\t\t\t\t\t\t\t<\/div><!-- .dslc-image -->\r\n\t\t<\/div>\r\n\t\t\r\n\t\t\t\t<\/div><!-- .dslc-module -->\r\n\t\t\r\n\t\t<div id=\"dslc-module-f820d36c9ee\" class=\"dslc-module-front dslc-module-DSLC_Text_Simple dslc-in-viewport-check dslc-in-viewport-anim-none  dslc-col dslc-6-col  dslc-module-handle-like-regular \" data-module-id=\"f820d36c9ee\" data-module=\"DSLC_Text_Simple\" data-dslc-module-size=\"6\" data-dslc-anim=\"none\" data-dslc-anim-delay=\"\" data-dslc-anim-duration=\"650\"  data-dslc-anim-easing=\"ease\" data-dslc-preset=\"none\" >\r\n\r\n\t\t\t\r\n\t\t\t\r\n\t\t\n\t\t<div class=\"dslc-text-module-content\">\n\t\t\t<p>Idee, Drehbuch & Regie: Lukas Ladner<br>Kamera: Carlos Isabel Garcia<br>Schnitt: Kai Eiermann<br>Ton: Phillipp Witsch, Ludwig M\u00fcller, Fabian Koppri, Constantin Kirsten, Alexandra Praet, Elisabeth Sommer<br>Musik: Fabian Lanzmaier<br>Mischung: Jens M\u00fcller<br>Szenenbild: Lena Kalt, Linda Hofmann<br>Kost\u00fcme: Julia Top\u00fctt<br>Produktion: Philipp Rappsilber<br>Produzent: Filmuniversit\u00e4t Babelsberg KONRAD WOLF<br>Herstellungsleitung: Andrea Wohlfeil<\/p>\t\t<\/div>\n\n\t\t\r\n\t\t\t\t<\/div><!-- .dslc-module -->\r\n\t\t\r\n\t\t<div id=\"dslc-module-8srb0pnlnk4\" class=\"dslc-module-front dslc-module-DSLC_Text_Simple dslc-in-viewport-check dslc-in-viewport-anim-none  dslc-col dslc-6-col dslc-last-col  dslc-module-handle-like-regular \" data-module-id=\"8srb0pnlnk4\" data-module=\"DSLC_Text_Simple\" data-dslc-module-size=\"6\" data-dslc-anim=\"none\" data-dslc-anim-delay=\"\" data-dslc-anim-duration=\"650\"  data-dslc-anim-easing=\"ease\" data-dslc-preset=\"none\" >\r\n\r\n\t\t\t\r\n\t\t\t\r\n\t\t\n\t\t<div class=\"dslc-text-module-content\">\n\t\t\t<p>DarstellerInnen:<br>Georg Fischer<br>Thomas Gassner<br>Peter Holzer<br>Frederick Redavid<br>Felix Briegel<br>Ronja Forcher<br>Maurizio Nardo<br>Fabian Lanzmaier<br>Reinhard Exenberger<br>Doris Pl\u00f6rer<\/p><p>Festivals:<br>2018 - 27. Internationales Filme Festival Innsbruck<br>2017 - 14. Filmfest Eberswalde - die Provinziale<\/p><p>\u00a9 Filmuniversit\u00e4t Babelsberg KONRAD WOLF, 2017<\/p>\t\t<\/div>\n\n\t\t\r\n\t\t\t\t<\/div><!-- .dslc-module -->\r\n\t\t\r\n\t\t<div id=\"dslc-module-f3d90d39e13\" class=\"dslc-module-front dslc-module-DSLC_Separator dslc-in-viewport-check dslc-in-viewport-anim-none  dslc-col dslc-12-col dslc-last-col  dslc-module-handle-like-regular \" data-module-id=\"f3d90d39e13\" data-module=\"DSLC_Separator\" data-dslc-module-size=\"12\" data-dslc-anim=\"none\" data-dslc-anim-delay=\"0\" data-dslc-anim-duration=\"650\"  data-dslc-anim-easing=\"ease\" data-dslc-preset=\"none\" >\r\n\r\n\t\t\t\r\n\t\t\t\r\n\t\t\t\t\t<div class=\"dslc-separator-wrapper\">\n\t\t\t\t<div class=\"dslc-separator dslc-separator-style-invisible\">\n\t\t\t\t\t\t\t\t\t<\/div>\n\t\t\t\t<div><\/div>\n\t\t\t<\/div><!-- .dslc-separator-wrapper -->\n\t\t\t\r\n\t\t\t\t<\/div><!-- .dslc-module -->\r\n\t\t\r\n\t\t<div id=\"dslc-module-1731e373961\" class=\"dslc-module-front dslc-module-DSLC_Button dslc-in-viewport-check dslc-in-viewport-anim-none  dslc-col dslc-6-col  dslc-module-handle-like-regular \" data-module-id=\"1731e373961\" data-module=\"DSLC_Button\" data-dslc-module-size=\"6\" data-dslc-anim=\"none\" data-dslc-anim-delay=\"\" data-dslc-anim-duration=\"650\"  data-dslc-anim-easing=\"ease\" data-dslc-preset=\"none\" >\r\n\r\n\t\t\t\r\n\t\t\t\r\n\t\t\r\n\t\t\t<div class=\"dslc-button\">\r\n\t\t\t\t\t\t\t\t\t<a href=\"http:\/\/caquet.es\/?page_id=413\" target=\"_self\"  onClick=\"Don Giovanni\" class=\"\">\r\n\t\t\t\t\t\t\t\t\t\t\t\t\t\t\t\t\t\t\t\t\t<span class=\"dslc-icon dslc-icon-angle-left\"><\/span>\t\r\n\t\t\t\t\t\t\t\t\t\t\t\t\t\t\t\t\t\t\t\t\t\t\t\t\t\t<span>DON GIOVANNI<\/span>\r\n\t\t\t\t\t\t\t\t\t\t\t\t\t\t\t\t\t<\/a>\r\n\t\t\t\t\t\t\t<\/div><!-- .dslc-button -->\r\n\r\n\r\n\t\t\t\t\t\t\r\n\t\t\t\t<\/div><!-- .dslc-module -->\r\n\t\t\r\n\t\t<div id=\"dslc-module-0b2dd234407\" class=\"dslc-module-front dslc-module-DSLC_Button dslc-in-viewport-check dslc-in-viewport-anim-none  dslc-col dslc-6-col dslc-last-col  dslc-module-handle-like-regular \" data-module-id=\"0b2dd234407\" data-module=\"DSLC_Button\" data-dslc-module-size=\"6\" data-dslc-anim=\"none\" data-dslc-anim-delay=\"\" data-dslc-anim-duration=\"650\"  data-dslc-anim-easing=\"ease\" data-dslc-preset=\"none\" >\r\n\r\n\t\t\t\r\n\t\t\t\r\n\t\t\r\n\t\t\t<div class=\"dslc-button\">\r\n\t\t\t\t\t\t\t\t\t<a href=\"http:\/\/caquet.es\/?page_id=228\" target=\"_self\"  onClick=\"KURT UND DER SESSELLIFT\" class=\"\">\r\n\t\t\t\t\t\t\t\t\t\t\t\t\t\t\t\t\t\t\t<span>KURT UND DER SESSELLIFT<\/span>\r\n\t\t\t\t\t\t\t\t\t\t\t\t\t\t\t\t\t\t\t\t\t\t\t\t\t\t\t<span class=\"dslc-icon dslc-icon-angle-right\"><\/span>\t\r\n\t\t\t\t\t\t\t\t\t\t\t\t\t\t\t\t\t\t<\/a>\r\n\t\t\t\t\t\t\t<\/div><!-- .dslc-button -->\r\n\r\n\r\n\t\t\t\t\t\t\r\n\t\t\t\t<\/div><!-- .dslc-module -->\r\n\t\t<\/div><\/div><\/div><\/div><\/div>","protected":false},"excerpt":{"rendered":"<p>Treibgut DoP - Short Fic \u00a0F\u00fcr Michael scheint nichts schwieriger zu sein als sich zu entscheiden. Ein Zustand der ihn gegen\u00fcber der Welt zu paralysieren scheint.Sein Umfeld ist ihm dabei keine Hilfe. Vehement werden klare Antworten und Entscheidungen verlangt. Unschl\u00fcssig l\u00e4sst er sich hin und her treiben. Zwischen famili\u00e4ren Zukunftspl\u00e4nen und der zum Lebensprinzip erhobenen [&hellip;]<\/p>\n","protected":false},"author":1,"featured_media":0,"parent":0,"menu_order":0,"comment_status":"closed","ping_status":"closed","template":"","meta":{"_gspb_post_css":"","_crdt_document":"","footnotes":""},"class_list":["post-415","page","type-page","status-publish","hentry"],"blocksy_meta":[],"_links":{"self":[{"href":"https:\/\/caquet.es\/index.php?rest_route=\/wp\/v2\/pages\/415","targetHints":{"allow":["GET"]}}],"collection":[{"href":"https:\/\/caquet.es\/index.php?rest_route=\/wp\/v2\/pages"}],"about":[{"href":"https:\/\/caquet.es\/index.php?rest_route=\/wp\/v2\/types\/page"}],"author":[{"embeddable":true,"href":"https:\/\/caquet.es\/index.php?rest_route=\/wp\/v2\/users\/1"}],"replies":[{"embeddable":true,"href":"https:\/\/caquet.es\/index.php?rest_route=%2Fwp%2Fv2%2Fcomments&post=415"}],"version-history":[{"count":1,"href":"https:\/\/caquet.es\/index.php?rest_route=\/wp\/v2\/pages\/415\/revisions"}],"predecessor-version":[{"id":416,"href":"https:\/\/caquet.es\/index.php?rest_route=\/wp\/v2\/pages\/415\/revisions\/416"}],"wp:attachment":[{"href":"https:\/\/caquet.es\/index.php?rest_route=%2Fwp%2Fv2%2Fmedia&parent=415"}],"curies":[{"name":"wp","href":"https:\/\/api.w.org\/{rel}","templated":true}]}}