{"id":413,"date":"2019-02-21T14:59:03","date_gmt":"2019-02-21T14:59:03","guid":{"rendered":"http:\/\/caquet.es\/?page_id=413"},"modified":"2019-02-21T14:59:03","modified_gmt":"2019-02-21T14:59:03","slug":"don-giovanni","status":"publish","type":"page","link":"https:\/\/caquet.es\/?page_id=413","title":{"rendered":"Don Giovanni"},"content":{"rendered":"<div id=\"dslc-content\" class=\"dslc-content dslc-clearfix\"><div id=\"dslc-main\">\r\n\t\t\t<div  class=\"dslc-modules-section \" style=\"\" data-section-id=\"44cb81cbdc5\">\r\n\t\t\t\t\r\n\t\t\t\t\r\n\t\t\t\t<div class=\"dslc-modules-section-wrapper dslc-clearfix\"><div  class=\"dslc-modules-area dslc-col dslc-12-col dslc-last-col dslc-valign- \" data-size=\"12\" data-valign=\"\" data-modules-area-id=\"\" ><style type=\"text\/css\" id=\"dslca-modules-area-\"><\/style>\r\n\t\t<div id=\"dslc-module-2cdafff4d4c\" class=\"dslc-module-front dslc-module-DSLC_TP_Title dslc-in-viewport-check dslc-in-viewport-anim-none  dslc-col dslc-12-col dslc-last-col  dslc-module-handle-like-regular \" data-module-id=\"2cdafff4d4c\" data-module=\"DSLC_TP_Title\" data-dslc-module-size=\"12\" data-dslc-anim=\"none\" data-dslc-anim-delay=\"\" data-dslc-anim-duration=\"650\"  data-dslc-anim-easing=\"ease\" data-dslc-preset=\"none\" >\r\n\r\n\t\t\t\r\n\t\t\t\r\n\t\t\r\n\t<div class=\"dslc-tp-title\">\r\n\t\t\t\t\t<div class=\"dslc-tp-title\"><h1>Don Giovanni<\/h1><\/div>\r\n\t\t\t<\/div>\r\n\r\n\t\r\n\t\t\t\t<\/div><!-- .dslc-module -->\r\n\t\t\r\n\t\t<div id=\"dslc-module-ca726c3a8d0\" class=\"dslc-module-front dslc-module-DSLC_Text_Simple dslc-in-viewport-check dslc-in-viewport-anim-none  dslc-col dslc-12-col dslc-last-col  dslc-module-handle-like-regular \" data-module-id=\"ca726c3a8d0\" data-module=\"DSLC_Text_Simple\" data-dslc-module-size=\"12\" data-dslc-anim=\"none\" data-dslc-anim-delay=\"\" data-dslc-anim-duration=\"650\"  data-dslc-anim-easing=\"ease\" data-dslc-preset=\"none\" >\r\n\r\n\t\t\t\r\n\t\t\t\r\n\t\t\n\t\t<div class=\"dslc-text-module-content\">\n\t\t\t<p style=\"text-align: center;\">Live Camera Operator - Opera - 2019<\/p>\t\t<\/div>\n\n\t\t\r\n\t\t\t\t<\/div><!-- .dslc-module -->\r\n\t\t\r\n\t\t<div id=\"dslc-module-c1ce692cd3f\" class=\"dslc-module-front dslc-module-DSLC_Image dslc-in-viewport-check dslc-in-viewport-anim-none  dslc-col dslc-12-col dslc-last-col  dslc-module-handle-like-regular \" data-module-id=\"c1ce692cd3f\" data-module=\"DSLC_Image\" data-dslc-module-size=\"12\" data-dslc-anim=\"none\" data-dslc-anim-delay=\"\" data-dslc-anim-duration=\"650\"  data-dslc-anim-easing=\"ease\" data-dslc-preset=\"none\" >\r\n\r\n\t\t\t\r\n\t\t\t\r\n\t\t\t\t<div class=\"dslc-image-container\">\r\n\t\t<div class=\"dslc-image\">\r\n\r\n\t\t\t\r\n\t\t\t\t\r\n\t\t\t\t\t\t\t\t\t<img src=\"https:\/\/caquet.es\/wp-content\/uploads\/2019\/02\/MVI_0422.MP4.05_50_06_12.Standbild001-1.jpg\" alt=\"\" title=\"\" srcset=\"https:\/\/caquet.es\/wp-content\/uploads\/2019\/02\/MVI_0422.MP4.05_50_06_12.Standbild001-1.jpg 1280w, https:\/\/caquet.es\/wp-content\/uploads\/2019\/02\/MVI_0422.MP4.05_50_06_12.Standbild001-1-300x169.jpg 300w, https:\/\/caquet.es\/wp-content\/uploads\/2019\/02\/MVI_0422.MP4.05_50_06_12.Standbild001-1-768x432.jpg 768w, https:\/\/caquet.es\/wp-content\/uploads\/2019\/02\/MVI_0422.MP4.05_50_06_12.Standbild001-1-1024x576.jpg 1024w\" sizes=\"(max-width: 1280px) 100vw, 1280px\" \/>\r\n\t\t\t\t\r\n\t\t\t\t\t\t\t\t\t<\/div><!-- .dslc-image -->\r\n\t\t<\/div>\r\n\t\t\r\n\t\t\t\t<\/div><!-- .dslc-module -->\r\n\t\t\r\n\t\t<div id=\"dslc-module-a0c9452c6f7\" class=\"dslc-module-front dslc-module-DSLC_Text_Simple dslc-in-viewport-check dslc-in-viewport-anim-none  dslc-col dslc-12-col dslc-last-col  dslc-module-handle-like-regular \" data-module-id=\"a0c9452c6f7\" data-module=\"DSLC_Text_Simple\" data-dslc-module-size=\"12\" data-dslc-anim=\"none\" data-dslc-anim-delay=\"\" data-dslc-anim-duration=\"650\"  data-dslc-anim-easing=\"ease\" data-dslc-preset=\"none\" >\r\n\r\n\t\t\t\r\n\t\t\t\r\n\t\t\n\t\t<div class=\"dslc-text-module-content\">\n\t\t\t<p>Don Giovanni gibt es nicht. Schon S\u00f8ren Kierkegaard befand, die Figur sei nicht darstellbar, und verfolgte konsequent die Oper mit geschlossenen Augen. Und wirklich: Mozart und da Ponte erkl\u00e4ren ihren zweifelhaften Helden nicht, sie lassen ihn \u00abcharakterlos\u00bb und nahezu ohne Arien geschehen, versteckt hinter Masken, T\u00e4uschungen, Verkleidungen. Giovanni ist ein Prinzip. Er ist das Begehren, der Trieb. Und er ist der Spiegel derer, die in ihn hineinsehen und in ihm ihre Sehnsucht erkennen, bedingungslos zu lieben, bedingungslos zu leben. Don Giovanni gibt es nicht, aber es gibt das, was die anderen Don Giovanni nennen. Und je fl\u00fcchtiger es sich zeigt, je abwesender es ist, desto st\u00e4rker und anziehender wird die Macht dieses gesichtslosen Verf\u00fchrers.<\/p><p><em>\"...eine Glanzleistung des Live-Kameramannes Carlos Isabel Garcia\" <\/em><\/p><p><span class=\"metainfo__author\">Tobias Gerosa<\/span>, NZZ - <a draggable=\"false\" href=\"https:\/\/www.nzz.ch\/feuilleton\/mozart-als-ego-shooter-ld.1451725\">link zum Text<\/a><em><br><\/em><\/p>\t\t<\/div>\n\n\t\t\r\n\t\t\t\t<\/div><!-- .dslc-module -->\r\n\t\t\r\n\t\t<div id=\"dslc-module-334f8d8dbd6\" class=\"dslc-module-front dslc-module-DSLC_Image dslc-in-viewport-check dslc-in-viewport-anim-none  dslc-col dslc-12-col dslc-last-col  dslc-module-handle-like-regular \" data-module-id=\"334f8d8dbd6\" data-module=\"DSLC_Image\" data-dslc-module-size=\"12\" data-dslc-anim=\"none\" data-dslc-anim-delay=\"\" data-dslc-anim-duration=\"650\"  data-dslc-anim-easing=\"ease\" data-dslc-preset=\"none\" >\r\n\r\n\t\t\t\r\n\t\t\t\r\n\t\t\t\t<div class=\"dslc-image-container\">\r\n\t\t<div class=\"dslc-image\">\r\n\r\n\t\t\t\r\n\t\t\t\t\r\n\t\t\t\t\t\t\t\t\t<img src=\"https:\/\/caquet.es\/wp-content\/uploads\/2019\/02\/MVI_0709.MP4.14_11_36_20.Standbild002-1.jpg\" alt=\"\" title=\"\" srcset=\"https:\/\/caquet.es\/wp-content\/uploads\/2019\/02\/MVI_0709.MP4.14_11_36_20.Standbild002-1.jpg 1280w, https:\/\/caquet.es\/wp-content\/uploads\/2019\/02\/MVI_0709.MP4.14_11_36_20.Standbild002-1-300x169.jpg 300w, https:\/\/caquet.es\/wp-content\/uploads\/2019\/02\/MVI_0709.MP4.14_11_36_20.Standbild002-1-768x432.jpg 768w, https:\/\/caquet.es\/wp-content\/uploads\/2019\/02\/MVI_0709.MP4.14_11_36_20.Standbild002-1-1024x576.jpg 1024w\" sizes=\"(max-width: 1280px) 100vw, 1280px\" \/>\r\n\t\t\t\t\r\n\t\t\t\t\t\t\t\t\t<\/div><!-- .dslc-image -->\r\n\t\t<\/div>\r\n\t\t\r\n\t\t\t\t<\/div><!-- .dslc-module -->\r\n\t\t\r\n\t\t<div id=\"dslc-module-42de052c566\" class=\"dslc-module-front dslc-module-DSLC_Image dslc-in-viewport-check dslc-in-viewport-anim-none  dslc-col dslc-6-col  dslc-module-handle-like-regular \" data-module-id=\"42de052c566\" data-module=\"DSLC_Image\" data-dslc-module-size=\"6\" data-dslc-anim=\"none\" data-dslc-anim-delay=\"\" data-dslc-anim-duration=\"650\"  data-dslc-anim-easing=\"ease\" data-dslc-preset=\"none\" >\r\n\r\n\t\t\t\r\n\t\t\t\r\n\t\t\t\t<div class=\"dslc-image-container\">\r\n\t\t<div class=\"dslc-image\">\r\n\r\n\t\t\t\r\n\t\t\t\t\r\n\t\t\t\t\t\t\t\t\t<img src=\"https:\/\/caquet.es\/wp-content\/uploads\/2019\/02\/MVI_0709.MP4.14_03_32_16.Standbild001-1.jpg\" alt=\"\" title=\"\" srcset=\"https:\/\/caquet.es\/wp-content\/uploads\/2019\/02\/MVI_0709.MP4.14_03_32_16.Standbild001-1.jpg 1280w, https:\/\/caquet.es\/wp-content\/uploads\/2019\/02\/MVI_0709.MP4.14_03_32_16.Standbild001-1-300x169.jpg 300w, https:\/\/caquet.es\/wp-content\/uploads\/2019\/02\/MVI_0709.MP4.14_03_32_16.Standbild001-1-768x432.jpg 768w, https:\/\/caquet.es\/wp-content\/uploads\/2019\/02\/MVI_0709.MP4.14_03_32_16.Standbild001-1-1024x576.jpg 1024w\" sizes=\"(max-width: 1280px) 100vw, 1280px\" \/>\r\n\t\t\t\t\r\n\t\t\t\t\t\t\t\t\t<\/div><!-- .dslc-image -->\r\n\t\t<\/div>\r\n\t\t\r\n\t\t\t\t<\/div><!-- .dslc-module -->\r\n\t\t\r\n\t\t<div id=\"dslc-module-41b0f4fdaf9\" class=\"dslc-module-front dslc-module-DSLC_Image dslc-in-viewport-check dslc-in-viewport-anim-none  dslc-col dslc-6-col dslc-last-col  dslc-module-handle-like-regular \" data-module-id=\"41b0f4fdaf9\" data-module=\"DSLC_Image\" data-dslc-module-size=\"6\" data-dslc-anim=\"none\" data-dslc-anim-delay=\"\" data-dslc-anim-duration=\"650\"  data-dslc-anim-easing=\"ease\" data-dslc-preset=\"none\" >\r\n\r\n\t\t\t\r\n\t\t\t\r\n\t\t\t\t<div class=\"dslc-image-container\">\r\n\t\t<div class=\"dslc-image\">\r\n\r\n\t\t\t\r\n\t\t\t\t\r\n\t\t\t\t\t\t\t\t\t<img src=\"https:\/\/caquet.es\/wp-content\/uploads\/2019\/02\/MVI_0690.MP4.06_26_36_11.Standbild001-1.jpg\" alt=\"\" title=\"\" srcset=\"https:\/\/caquet.es\/wp-content\/uploads\/2019\/02\/MVI_0690.MP4.06_26_36_11.Standbild001-1.jpg 1280w, https:\/\/caquet.es\/wp-content\/uploads\/2019\/02\/MVI_0690.MP4.06_26_36_11.Standbild001-1-300x169.jpg 300w, https:\/\/caquet.es\/wp-content\/uploads\/2019\/02\/MVI_0690.MP4.06_26_36_11.Standbild001-1-768x432.jpg 768w, https:\/\/caquet.es\/wp-content\/uploads\/2019\/02\/MVI_0690.MP4.06_26_36_11.Standbild001-1-1024x576.jpg 1024w\" sizes=\"(max-width: 1280px) 100vw, 1280px\" \/>\r\n\t\t\t\t\r\n\t\t\t\t\t\t\t\t\t<\/div><!-- .dslc-image -->\r\n\t\t<\/div>\r\n\t\t\r\n\t\t\t\t<\/div><!-- .dslc-module -->\r\n\t\t<\/div><div  class=\"dslc-modules-area dslc-col dslc-12-col dslc-last-col dslc-valign- \" data-size=\"12\" data-valign=\"\" data-modules-area-id=\"\" ><style type=\"text\/css\" id=\"dslca-modules-area-\"><\/style>\r\n\t\t<div id=\"dslc-module-41d456ce81d\" class=\"dslc-module-front dslc-module-DSLC_Image dslc-in-viewport-check dslc-in-viewport-anim-none  dslc-col dslc-12-col dslc-last-col  dslc-module-handle-like-regular \" data-module-id=\"41d456ce81d\" data-module=\"DSLC_Image\" data-dslc-module-size=\"12\" data-dslc-anim=\"none\" data-dslc-anim-delay=\"\" data-dslc-anim-duration=\"650\"  data-dslc-anim-easing=\"ease\" data-dslc-preset=\"none\" >\r\n\r\n\t\t\t\r\n\t\t\t\r\n\t\t\t\t<div class=\"dslc-image-container\">\r\n\t\t<div class=\"dslc-image\">\r\n\r\n\t\t\t\r\n\t\t\t\t\r\n\t\t\t\t\t\t\t\t\t<img src=\"https:\/\/caquet.es\/wp-content\/uploads\/2019\/02\/MVI_0707.MP4.13_47_16_49.Standbild001-1.jpg\" alt=\"\" title=\"\" srcset=\"https:\/\/caquet.es\/wp-content\/uploads\/2019\/02\/MVI_0707.MP4.13_47_16_49.Standbild001-1.jpg 1280w, https:\/\/caquet.es\/wp-content\/uploads\/2019\/02\/MVI_0707.MP4.13_47_16_49.Standbild001-1-300x169.jpg 300w, https:\/\/caquet.es\/wp-content\/uploads\/2019\/02\/MVI_0707.MP4.13_47_16_49.Standbild001-1-768x432.jpg 768w, https:\/\/caquet.es\/wp-content\/uploads\/2019\/02\/MVI_0707.MP4.13_47_16_49.Standbild001-1-1024x576.jpg 1024w\" sizes=\"(max-width: 1280px) 100vw, 1280px\" \/>\r\n\t\t\t\t\r\n\t\t\t\t\t\t\t\t\t<\/div><!-- .dslc-image -->\r\n\t\t<\/div>\r\n\t\t\r\n\t\t\t\t<\/div><!-- .dslc-module -->\r\n\t\t\r\n\t\t<div id=\"dslc-module-9f29974f57d\" class=\"dslc-module-front dslc-module-DSLC_Text_Simple dslc-in-viewport-check dslc-in-viewport-anim-none  dslc-col dslc-6-col  dslc-module-handle-like-regular \" data-module-id=\"9f29974f57d\" data-module=\"DSLC_Text_Simple\" data-dslc-module-size=\"6\" data-dslc-anim=\"none\" data-dslc-anim-delay=\"\" data-dslc-anim-duration=\"650\"  data-dslc-anim-easing=\"ease\" data-dslc-preset=\"none\" >\r\n\r\n\t\t\t\r\n\t\t\t\r\n\t\t\n\t\t<div class=\"dslc-text-module-content\">\n\t\t\t<div class=\"production-wrapper-details\"><div class=\"uk-container-center uk-container\"><div class=\"paragraph accordion four-cols-all-texts uk-grid node-production view-mode-full\"><div class=\"col col-1 uk-width-1-1 uk-width-medium-1-2\"><div class=\"field field--name-production-crew field--type-ds field--label-hidden field__item\"><h3>Produktionsteam<\/h3><span class=\"crew-row\">Musikalische Leitung: Clemens Heil <\/span><\/div><div class=\"field field--name-production-crew field--type-ds field--label-hidden field__item\"><span class=\"crew-row\">Inszenierung: Benedikt von Peter <\/span><\/div><div class=\"field field--name-production-crew field--type-ds field--label-hidden field__item\"><span class=\"crew-row\">Licht: David Hedinger-Wohnlich <\/span><\/div><div class=\"field field--name-production-crew field--type-ds field--label-hidden field__item\"><span class=\"crew-row\">Videokonzept: Bert Zander <\/span><\/div><div class=\"field field--name-production-crew field--type-ds field--label-hidden field__item\"><span class=\"crew-row\">Dramaturgie: Klaus Angermann, Julia Jord\u00e0 Stoppelhaar <\/span><\/div><\/div><\/div><\/div><\/div>\t\t<\/div>\n\n\t\t\r\n\t\t\t\t<\/div><!-- .dslc-module -->\r\n\t\t\r\n\t\t<div id=\"dslc-module-d4q46smqrsg\" class=\"dslc-module-front dslc-module-DSLC_Text_Simple dslc-in-viewport-check dslc-in-viewport-anim-none  dslc-col dslc-6-col dslc-last-col  dslc-module-handle-like-regular \" data-module-id=\"d4q46smqrsg\" data-module=\"DSLC_Text_Simple\" data-dslc-module-size=\"6\" data-dslc-anim=\"none\" data-dslc-anim-delay=\"\" data-dslc-anim-duration=\"650\"  data-dslc-anim-easing=\"ease\" data-dslc-preset=\"none\" >\r\n\r\n\t\t\t\r\n\t\t\t\r\n\t\t\n\t\t<div class=\"dslc-text-module-content\">\n\t\t\t<div class=\"production-wrapper-details\"><div class=\"uk-container-center uk-container\"><div class=\"paragraph accordion four-cols-all-texts uk-grid node-production view-mode-full\"><div class=\"col col-1 uk-width-1-1 uk-width-medium-1-2\"><div class=\"field field--name-production-cast field--type-ds field--label-hidden field__item\"><h3>Besetzung<\/h3><span class=\"cast-row\">Vuyani Mlinde (Leporello)<\/span><\/div><div class=\"field field--name-production-cast field--type-ds field--label-hidden field__item\"><span class=\"cast-row\">Jason Cox (Don Giovanni)<\/span><\/div><div class=\"field field--name-production-cast field--type-ds field--label-hidden field__item\"><span class=\"cast-row\">Rebecca Krynski Cox (Donna Anna)<\/span><\/div><div class=\"field field--name-production-cast field--type-ds field--label-hidden field__item\"><span class=\"cast-row\">Emanuel Heitz (Don Ottavio)<\/span><\/div><div class=\"field field--name-production-cast field--type-ds field--label-hidden field__item\"><span class=\"cast-row\">Boris Petronje (Il Commendatore)<\/span><\/div><div class=\"field field--name-production-cast field--type-ds field--label-hidden field__item\"><span class=\"cast-row\">Solenn Lavanant Linke (Donna Elvira)<\/span><\/div><div class=\"field field--name-production-cast field--type-ds field--label-hidden field__item\"><span class=\"cast-row\">Flurin Caduff (Masetto)<\/span><\/div><div class=\"field field--name-production-cast field--type-ds field--label-hidden field__item\"><span class=\"cast-row\">Diana Schn\u00fcrpel (Zerlina)<\/span><\/div><div class=\"field field--name-production-cast field--type-ds field--label-hidden field__item\"><span class=\"cast-row\">Carlos Isabel Garcia (Live -Kamera)<\/span><\/div><div class=\"field field--name-production-cast field--type-ds field--label-hidden field__item\"><span class=\"cast-row\">Chor des LT<\/span><\/div><div class=\"field field--name-production-cast field--type-ds field--label-hidden field__item\"><span class=\"cast-row\">Luzerner Sinfonieorchester<\/span><\/div><\/div><\/div><\/div><\/div>\t\t<\/div>\n\n\t\t\r\n\t\t\t\t<\/div><!-- .dslc-module -->\r\n\t\t\r\n\t\t<div id=\"dslc-module-2eee7559741\" class=\"dslc-module-front dslc-module-DSLC_Button dslc-in-viewport-check dslc-in-viewport-anim-none  dslc-col dslc-6-col  dslc-module-handle-like-regular \" data-module-id=\"2eee7559741\" data-module=\"DSLC_Button\" data-dslc-module-size=\"6\" data-dslc-anim=\"none\" data-dslc-anim-delay=\"\" data-dslc-anim-duration=\"650\"  data-dslc-anim-easing=\"ease\" data-dslc-preset=\"none\" >\r\n\r\n\t\t\t\r\n\t\t\t\r\n\t\t\r\n\t\t\t<div class=\"dslc-button\">\r\n\t\t\t\t\t\t\t\t\t<a href=\"http:\/\/caquet.es\/?page_id=450\" target=\"_self\"  onClick=\"BACK\" class=\"\">\r\n\t\t\t\t\t\t\t\t\t\t\t\t\t\t\t\t\t\t\t\t\t<span class=\"dslc-icon dslc-icon-angle-left\"><\/span>\t\r\n\t\t\t\t\t\t\t\t\t\t\t\t\t\t\t\t\t\t\t\t\t\t\t\t\t\t<span>Happy Birthday<\/span>\r\n\t\t\t\t\t\t\t\t\t\t\t\t\t\t\t\t\t<\/a>\r\n\t\t\t\t\t\t\t<\/div><!-- .dslc-button -->\r\n\r\n\r\n\t\t\t\t\t\t\r\n\t\t\t\t<\/div><!-- .dslc-module -->\r\n\t\t\r\n\t\t<div id=\"dslc-module-6t5phl1j3j\" class=\"dslc-module-front dslc-module-DSLC_Button dslc-in-viewport-check dslc-in-viewport-anim-none  dslc-col dslc-6-col dslc-last-col  dslc-module-handle-like-regular \" data-module-id=\"6t5phl1j3j\" data-module=\"DSLC_Button\" data-dslc-module-size=\"6\" data-dslc-anim=\"none\" data-dslc-anim-delay=\"\" data-dslc-anim-duration=\"650\"  data-dslc-anim-easing=\"ease\" data-dslc-preset=\"none\" >\r\n\r\n\t\t\t\r\n\t\t\t\r\n\t\t\r\n\t\t\t<div class=\"dslc-button\">\r\n\t\t\t\t\t\t\t\t\t<a href=\"http:\/\/caquet.es\/?page_id=415\" target=\"_self\"  onClick=\"Treibgut\" class=\"\">\r\n\t\t\t\t\t\t\t\t\t\t\t\t\t\t\t\t\t\t\t<span>Treibgut<\/span>\r\n\t\t\t\t\t\t\t\t\t\t\t\t\t\t\t\t\t\t\t\t\t\t\t\t\t\t\t<span class=\"dslc-icon dslc-icon-angle-right\"><\/span>\t\r\n\t\t\t\t\t\t\t\t\t\t\t\t\t\t\t\t\t\t<\/a>\r\n\t\t\t\t\t\t\t<\/div><!-- .dslc-button -->\r\n\r\n\r\n\t\t\t\t\t\t\r\n\t\t\t\t<\/div><!-- .dslc-module -->\r\n\t\t<\/div><\/div><\/div><\/div><\/div>","protected":false},"excerpt":{"rendered":"<p>Don Giovanni Live Camera Operator - Opera - 2019 Don Giovanni gibt es nicht. Schon S\u00f8ren Kierkegaard befand, die Figur sei nicht darstellbar, und verfolgte konsequent die Oper mit geschlossenen Augen. Und wirklich: Mozart und da Ponte erkl\u00e4ren ihren zweifelhaften Helden nicht, sie lassen ihn \u00abcharakterlos\u00bb und nahezu ohne Arien geschehen, versteckt hinter Masken, T\u00e4uschungen, [&hellip;]<\/p>\n","protected":false},"author":1,"featured_media":0,"parent":0,"menu_order":0,"comment_status":"closed","ping_status":"closed","template":"","meta":{"_gspb_post_css":"","_crdt_document":"","footnotes":""},"class_list":["post-413","page","type-page","status-publish","hentry"],"blocksy_meta":[],"_links":{"self":[{"href":"https:\/\/caquet.es\/index.php?rest_route=\/wp\/v2\/pages\/413","targetHints":{"allow":["GET"]}}],"collection":[{"href":"https:\/\/caquet.es\/index.php?rest_route=\/wp\/v2\/pages"}],"about":[{"href":"https:\/\/caquet.es\/index.php?rest_route=\/wp\/v2\/types\/page"}],"author":[{"embeddable":true,"href":"https:\/\/caquet.es\/index.php?rest_route=\/wp\/v2\/users\/1"}],"replies":[{"embeddable":true,"href":"https:\/\/caquet.es\/index.php?rest_route=%2Fwp%2Fv2%2Fcomments&post=413"}],"version-history":[{"count":1,"href":"https:\/\/caquet.es\/index.php?rest_route=\/wp\/v2\/pages\/413\/revisions"}],"predecessor-version":[{"id":414,"href":"https:\/\/caquet.es\/index.php?rest_route=\/wp\/v2\/pages\/413\/revisions\/414"}],"wp:attachment":[{"href":"https:\/\/caquet.es\/index.php?rest_route=%2Fwp%2Fv2%2Fmedia&parent=413"}],"curies":[{"name":"wp","href":"https:\/\/api.w.org\/{rel}","templated":true}]}}