{"id":243,"date":"2017-03-18T12:21:45","date_gmt":"2017-03-18T12:21:45","guid":{"rendered":"http:\/\/caquet.es\/?page_id=243"},"modified":"2017-03-21T21:39:40","modified_gmt":"2017-03-21T21:39:40","slug":"peor-que-ayer-mejor-que-manana","status":"publish","type":"page","link":"https:\/\/caquet.es\/?page_id=243","title":{"rendered":"Peor que ayer, mejor que ma\u00f1ana"},"content":{"rendered":"<div id=\"dslc-content\" class=\"dslc-content dslc-clearfix\"><div id=\"dslc-main\">\r\n\t\t\t<div  class=\"dslc-modules-section \" style=\"\" data-section-id=\"28478ae1821\">\r\n\t\t\t\t\r\n\t\t\t\t\r\n\t\t\t\t<div class=\"dslc-modules-section-wrapper dslc-clearfix\"><div  class=\"dslc-modules-area dslc-col dslc-12-col dslc-last-col dslc-valign- \" data-size=\"12\" data-valign=\"\" data-modules-area-id=\"\" ><style type=\"text\/css\" id=\"dslca-modules-area-\"><\/style>\r\n\t\t<div id=\"dslc-module-2cd585ac62d\" class=\"dslc-module-front dslc-module-DSLC_TP_Title dslc-in-viewport-check dslc-in-viewport-anim-none  dslc-col dslc-12-col dslc-last-col  dslc-module-handle-like-regular \" data-module-id=\"2cd585ac62d\" data-module=\"DSLC_TP_Title\" data-dslc-module-size=\"12\" data-dslc-anim=\"none\" data-dslc-anim-delay=\"\" data-dslc-anim-duration=\"650\"  data-dslc-anim-easing=\"ease\" data-dslc-preset=\"none\" >\r\n\r\n\t\t\t\r\n\t\t\t\r\n\t\t\r\n\t<div class=\"dslc-tp-title\">\r\n\t\t\t\t\t<div class=\"dslc-tp-title\"><h1>Peor que ayer, mejor que ma\u00f1ana<\/h1><\/div>\r\n\t\t\t<\/div>\r\n\r\n\t\r\n\t\t\t\t<\/div><!-- .dslc-module -->\r\n\t\t\r\n\t\t<div id=\"dslc-module-384589c68d3\" class=\"dslc-module-front dslc-module-DSLC_Text_Simple dslc-in-viewport-check dslc-in-viewport-anim-none  dslc-col dslc-12-col dslc-last-col  dslc-module-handle-like-regular \" data-module-id=\"384589c68d3\" data-module=\"DSLC_Text_Simple\" data-dslc-module-size=\"12\" data-dslc-anim=\"none\" data-dslc-anim-delay=\"\" data-dslc-anim-duration=\"650\"  data-dslc-anim-easing=\"ease\" data-dslc-preset=\"none\" >\r\n\r\n\t\t\t\r\n\t\t\t\r\n\t\t\n\t\t<div class=\"dslc-text-module-content\">\n\t\t\t<p>DoP; CoDirector - Short Doc - 2013<\/p>\t\t<\/div>\n\n\t\t\r\n\t\t\t\t<\/div><!-- .dslc-module -->\r\n\t\t\r\n\t\t<div id=\"dslc-module-b2801324c0a\" class=\"dslc-module-front dslc-module-LC_Video_Embed_Module dslc-in-viewport-check dslc-in-viewport-anim-none  dslc-col dslc-12-col dslc-last-col  dslc-module-handle-like-regular \" data-module-id=\"b2801324c0a\" data-module=\"LC_Video_Embed_Module\" data-dslc-module-size=\"12\" data-dslc-anim=\"none\" data-dslc-anim-delay=\"0\" data-dslc-anim-duration=\"650\"  data-dslc-anim-easing=\"default\" data-dslc-preset=\"none\" >\r\n\r\n\t\t\t\r\n\t\t\t\r\n\t\t<div class=\"lc-video-embed\" style=\"line-height:0\"><iframe title=\"Peor que ayer, mejor que ma\u00f1ana\" src=\"https:\/\/player.vimeo.com\/video\/93741042?dnt=1&amp;app_id=122963\" width=\"1290\" height=\"726\" frameborder=\"0\" allow=\"autoplay; fullscreen; picture-in-picture; clipboard-write; encrypted-media; web-share\" referrerpolicy=\"strict-origin-when-cross-origin\"><\/iframe><\/div>\r\n\t\t\t\t<\/div><!-- .dslc-module -->\r\n\t\t\r\n\t\t<div id=\"dslc-module-dc20426b965\" class=\"dslc-module-front dslc-module-DSLC_Image dslc-in-viewport-check dslc-in-viewport-anim-none  dslc-col dslc-12-col dslc-last-col  dslc-module-handle-like-regular \" data-module-id=\"dc20426b965\" data-module=\"DSLC_Image\" data-dslc-module-size=\"12\" data-dslc-anim=\"none\" data-dslc-anim-delay=\"\" data-dslc-anim-duration=\"650\"  data-dslc-anim-easing=\"ease\" data-dslc-preset=\"none\" >\r\n\r\n\t\t\t\r\n\t\t\t\r\n\t\t\t\t<div class=\"dslc-image-container\">\r\n\t\t<div class=\"dslc-image\">\r\n\r\n\t\t\t\r\n\t\t\t\t\r\n\t\t\t\t\t\t\t\t\t<img src=\"https:\/\/caquet.es\/wp-content\/uploads\/2016\/12\/peorqueayer_still4.jpg\" alt=\"\" title=\"\" srcset=\"https:\/\/caquet.es\/wp-content\/uploads\/2016\/12\/peorqueayer_still4.jpg 1920w, https:\/\/caquet.es\/wp-content\/uploads\/2016\/12\/peorqueayer_still4-300x169.jpg 300w, https:\/\/caquet.es\/wp-content\/uploads\/2016\/12\/peorqueayer_still4-768x432.jpg 768w, https:\/\/caquet.es\/wp-content\/uploads\/2016\/12\/peorqueayer_still4-1024x576.jpg 1024w, https:\/\/caquet.es\/wp-content\/uploads\/2016\/12\/peorqueayer_still4-1200x675.jpg 1200w\" sizes=\"(max-width: 1920px) 100vw, 1920px\" \/>\r\n\t\t\t\t\r\n\t\t\t\t\t\t\t\t\t<\/div><!-- .dslc-image -->\r\n\t\t<\/div>\r\n\t\t\r\n\t\t\t\t<\/div><!-- .dslc-module -->\r\n\t\t\r\n\t\t<div id=\"dslc-module-10n21redi5k\" class=\"dslc-module-front dslc-module-DSLC_Separator dslc-in-viewport-check dslc-in-viewport-anim-none  dslc-col dslc-12-col dslc-last-col  dslc-module-handle-like-regular \" data-module-id=\"10n21redi5k\" data-module=\"DSLC_Separator\" data-dslc-module-size=\"12\" data-dslc-anim=\"none\" data-dslc-anim-delay=\"\" data-dslc-anim-duration=\"650\"  data-dslc-anim-easing=\"ease\" data-dslc-preset=\"none\" >\r\n\r\n\t\t\t\r\n\t\t\t\r\n\t\t\t\t\t<div class=\"dslc-separator-wrapper\">\n\t\t\t\t<div class=\"dslc-separator dslc-separator-style-invisible\">\n\t\t\t\t\t\t\t\t\t<\/div>\n\t\t\t\t<div><\/div>\n\t\t\t<\/div><!-- .dslc-separator-wrapper -->\n\t\t\t\r\n\t\t\t\t<\/div><!-- .dslc-module -->\r\n\t\t\r\n\t\t<div id=\"dslc-module-fpjrs84gqos\" class=\"dslc-module-front dslc-module-DSLC_Text_Simple dslc-in-viewport-check dslc-in-viewport-anim-none  dslc-col dslc-12-col dslc-last-col  dslc-module-handle-like-regular \" data-module-id=\"fpjrs84gqos\" data-module=\"DSLC_Text_Simple\" data-dslc-module-size=\"12\" data-dslc-anim=\"none\" data-dslc-anim-delay=\"\" data-dslc-anim-duration=\"650\"  data-dslc-anim-easing=\"ease\" data-dslc-preset=\"none\" >\r\n\r\n\t\t\t\r\n\t\t\t\r\n\t\t\n\t\t<div class=\"dslc-text-module-content\">\n\t\t\t<p>Die Krise ist da. Jeden Tag scheint sie sich neu zu erfinden: Platzende Immobilienblasen, Bankrott, Arbeitslosigkeit, Verlust von Rechten. Pers\u00f6nliche Erz\u00e4hlungen von verschiedensten Menschen vereinigen sich zu einem landesweiten Dialog \u00fcber die Krise in Spanien: Peor que ayer, mejor que ma\u00f1ana. Schlechter als gestern, besser als Morgen.<br><\/p>\t\t<\/div>\n\n\t\t\r\n\t\t\t\t<\/div><!-- .dslc-module -->\r\n\t\t\r\n\t\t<div id=\"dslc-module-n70vp845gj8\" class=\"dslc-module-front dslc-module-DSLC_Image dslc-in-viewport-check dslc-in-viewport-anim-none  dslc-col dslc-12-col dslc-last-col  dslc-module-handle-like-regular \" data-module-id=\"n70vp845gj8\" data-module=\"DSLC_Image\" data-dslc-module-size=\"12\" data-dslc-anim=\"none\" data-dslc-anim-delay=\"0\" data-dslc-anim-duration=\"650\"  data-dslc-anim-easing=\"ease\" data-dslc-preset=\"none\" >\r\n\r\n\t\t\t\r\n\t\t\t\r\n\t\t\t\t<div class=\"dslc-image-container\">\r\n\t\t<div class=\"dslc-image\">\r\n\r\n\t\t\t\r\n\t\t\t\t\r\n\t\t\t\t\t\t\t\t\t<img src=\"https:\/\/caquet.es\/wp-content\/uploads\/2016\/12\/peorqueayer_still10.jpg\" alt=\"\" title=\"\" srcset=\"https:\/\/caquet.es\/wp-content\/uploads\/2016\/12\/peorqueayer_still10.jpg 1920w, https:\/\/caquet.es\/wp-content\/uploads\/2016\/12\/peorqueayer_still10-300x169.jpg 300w, https:\/\/caquet.es\/wp-content\/uploads\/2016\/12\/peorqueayer_still10-768x432.jpg 768w, https:\/\/caquet.es\/wp-content\/uploads\/2016\/12\/peorqueayer_still10-1024x576.jpg 1024w, https:\/\/caquet.es\/wp-content\/uploads\/2016\/12\/peorqueayer_still10-1200x675.jpg 1200w\" sizes=\"(max-width: 1920px) 100vw, 1920px\" \/>\r\n\t\t\t\t\r\n\t\t\t\t\t\t\t\t\t<\/div><!-- .dslc-image -->\r\n\t\t<\/div>\r\n\t\t\r\n\t\t\t\t<\/div><!-- .dslc-module -->\r\n\t\t\r\n\t\t<div id=\"dslc-module-2nouf3jmgr8\" class=\"dslc-module-front dslc-module-DSLC_Separator dslc-in-viewport-check dslc-in-viewport-anim-none  dslc-col dslc-12-col dslc-last-col  dslc-module-handle-like-regular \" data-module-id=\"2nouf3jmgr8\" data-module=\"DSLC_Separator\" data-dslc-module-size=\"12\" data-dslc-anim=\"none\" data-dslc-anim-delay=\"\" data-dslc-anim-duration=\"650\"  data-dslc-anim-easing=\"ease\" data-dslc-preset=\"none\" >\r\n\r\n\t\t\t\r\n\t\t\t\r\n\t\t\t\t\t<div class=\"dslc-separator-wrapper\">\n\t\t\t\t<div class=\"dslc-separator dslc-separator-style-invisible\">\n\t\t\t\t\t\t\t\t\t<\/div>\n\t\t\t\t<div><\/div>\n\t\t\t<\/div><!-- .dslc-separator-wrapper -->\n\t\t\t\r\n\t\t\t\t<\/div><!-- .dslc-module -->\r\n\t\t\r\n\t\t<div id=\"dslc-module-1nseenva5oc\" class=\"dslc-module-front dslc-module-DSLC_Image dslc-in-viewport-check dslc-in-viewport-anim-none  dslc-col dslc-6-col  dslc-module-handle-like-regular \" data-module-id=\"1nseenva5oc\" data-module=\"DSLC_Image\" data-dslc-module-size=\"6\" data-dslc-anim=\"none\" data-dslc-anim-delay=\"\" data-dslc-anim-duration=\"650\"  data-dslc-anim-easing=\"ease\" data-dslc-preset=\"none\" >\r\n\r\n\t\t\t\r\n\t\t\t\r\n\t\t\t\t<div class=\"dslc-image-container\">\r\n\t\t<div class=\"dslc-image\">\r\n\r\n\t\t\t\r\n\t\t\t\t\r\n\t\t\t\t\t\t\t\t\t<img src=\"https:\/\/caquet.es\/wp-content\/uploads\/2016\/12\/peorqueayer_still7.jpg\" alt=\"\" title=\"\" srcset=\"https:\/\/caquet.es\/wp-content\/uploads\/2016\/12\/peorqueayer_still7.jpg 1920w, https:\/\/caquet.es\/wp-content\/uploads\/2016\/12\/peorqueayer_still7-300x169.jpg 300w, https:\/\/caquet.es\/wp-content\/uploads\/2016\/12\/peorqueayer_still7-768x432.jpg 768w, https:\/\/caquet.es\/wp-content\/uploads\/2016\/12\/peorqueayer_still7-1024x576.jpg 1024w, https:\/\/caquet.es\/wp-content\/uploads\/2016\/12\/peorqueayer_still7-1200x675.jpg 1200w\" sizes=\"(max-width: 1920px) 100vw, 1920px\" \/>\r\n\t\t\t\t\r\n\t\t\t\t\t\t\t\t\t<\/div><!-- .dslc-image -->\r\n\t\t<\/div>\r\n\t\t\r\n\t\t\t\t<\/div><!-- .dslc-module -->\r\n\t\t\r\n\t\t<div id=\"dslc-module-ngr74vpuk3k\" class=\"dslc-module-front dslc-module-DSLC_Image dslc-in-viewport-check dslc-in-viewport-anim-none  dslc-col dslc-6-col dslc-last-col  dslc-module-handle-like-regular \" data-module-id=\"ngr74vpuk3k\" data-module=\"DSLC_Image\" data-dslc-module-size=\"6\" data-dslc-anim=\"none\" data-dslc-anim-delay=\"\" data-dslc-anim-duration=\"650\"  data-dslc-anim-easing=\"ease\" data-dslc-preset=\"none\" >\r\n\r\n\t\t\t\r\n\t\t\t\r\n\t\t\t\t<div class=\"dslc-image-container\">\r\n\t\t<div class=\"dslc-image\">\r\n\r\n\t\t\t\r\n\t\t\t\t\r\n\t\t\t\t\t\t\t\t\t<img src=\"https:\/\/caquet.es\/wp-content\/uploads\/2016\/12\/peorqueayer_still3.jpg\" alt=\"\" title=\"\" srcset=\"https:\/\/caquet.es\/wp-content\/uploads\/2016\/12\/peorqueayer_still3.jpg 1920w, https:\/\/caquet.es\/wp-content\/uploads\/2016\/12\/peorqueayer_still3-300x169.jpg 300w, https:\/\/caquet.es\/wp-content\/uploads\/2016\/12\/peorqueayer_still3-768x432.jpg 768w, https:\/\/caquet.es\/wp-content\/uploads\/2016\/12\/peorqueayer_still3-1024x576.jpg 1024w, https:\/\/caquet.es\/wp-content\/uploads\/2016\/12\/peorqueayer_still3-1200x675.jpg 1200w\" sizes=\"(max-width: 1920px) 100vw, 1920px\" \/>\r\n\t\t\t\t\r\n\t\t\t\t\t\t\t\t\t<\/div><!-- .dslc-image -->\r\n\t\t<\/div>\r\n\t\t\r\n\t\t\t\t<\/div><!-- .dslc-module -->\r\n\t\t\r\n\t\t<div id=\"dslc-module-54u1vu6i5a8\" class=\"dslc-module-front dslc-module-DSLC_Image dslc-in-viewport-check dslc-in-viewport-anim-none  dslc-col dslc-12-col dslc-last-col  dslc-module-handle-like-regular \" data-module-id=\"54u1vu6i5a8\" data-module=\"DSLC_Image\" data-dslc-module-size=\"12\" data-dslc-anim=\"none\" data-dslc-anim-delay=\"\" data-dslc-anim-duration=\"650\"  data-dslc-anim-easing=\"ease\" data-dslc-preset=\"none\" >\r\n\r\n\t\t\t\r\n\t\t\t\r\n\t\t\t\t<div class=\"dslc-image-container\">\r\n\t\t<div class=\"dslc-image\">\r\n\r\n\t\t\t\r\n\t\t\t\t\r\n\t\t\t\t\t\t\t\t\t<img src=\"https:\/\/caquet.es\/wp-content\/uploads\/2016\/12\/peorqueayer_still1.jpg\" alt=\"\" title=\"\" srcset=\"https:\/\/caquet.es\/wp-content\/uploads\/2016\/12\/peorqueayer_still1.jpg 1920w, https:\/\/caquet.es\/wp-content\/uploads\/2016\/12\/peorqueayer_still1-300x169.jpg 300w, https:\/\/caquet.es\/wp-content\/uploads\/2016\/12\/peorqueayer_still1-768x432.jpg 768w, https:\/\/caquet.es\/wp-content\/uploads\/2016\/12\/peorqueayer_still1-1024x576.jpg 1024w, https:\/\/caquet.es\/wp-content\/uploads\/2016\/12\/peorqueayer_still1-1200x675.jpg 1200w\" sizes=\"(max-width: 1920px) 100vw, 1920px\" \/>\r\n\t\t\t\t\r\n\t\t\t\t\t\t\t\t\t<\/div><!-- .dslc-image -->\r\n\t\t<\/div>\r\n\t\t\r\n\t\t\t\t<\/div><!-- .dslc-module -->\r\n\t\t\r\n\t\t<div id=\"dslc-module-6a8da057106\" class=\"dslc-module-front dslc-module-DSLC_Image dslc-in-viewport-check dslc-in-viewport-anim-none  dslc-col dslc-6-col  dslc-module-handle-like-regular \" data-module-id=\"6a8da057106\" data-module=\"DSLC_Image\" data-dslc-module-size=\"6\" data-dslc-anim=\"none\" data-dslc-anim-delay=\"\" data-dslc-anim-duration=\"650\"  data-dslc-anim-easing=\"ease\" data-dslc-preset=\"none\" >\r\n\r\n\t\t\t\r\n\t\t\t\r\n\t\t\t\t<div class=\"dslc-image-container\">\r\n\t\t<div class=\"dslc-image\">\r\n\r\n\t\t\t\r\n\t\t\t\t\r\n\t\t\t\t\t\t\t\t\t<img src=\"https:\/\/caquet.es\/wp-content\/uploads\/2016\/12\/peorqueayer_still2.jpg\" alt=\"\" title=\"\" srcset=\"https:\/\/caquet.es\/wp-content\/uploads\/2016\/12\/peorqueayer_still2.jpg 1920w, https:\/\/caquet.es\/wp-content\/uploads\/2016\/12\/peorqueayer_still2-300x169.jpg 300w, https:\/\/caquet.es\/wp-content\/uploads\/2016\/12\/peorqueayer_still2-768x432.jpg 768w, https:\/\/caquet.es\/wp-content\/uploads\/2016\/12\/peorqueayer_still2-1024x576.jpg 1024w, https:\/\/caquet.es\/wp-content\/uploads\/2016\/12\/peorqueayer_still2-1200x675.jpg 1200w\" sizes=\"(max-width: 1920px) 100vw, 1920px\" \/>\r\n\t\t\t\t\r\n\t\t\t\t\t\t\t\t\t<\/div><!-- .dslc-image -->\r\n\t\t<\/div>\r\n\t\t\r\n\t\t\t\t<\/div><!-- .dslc-module -->\r\n\t\t\r\n\t\t<div id=\"dslc-module-17dq11tnsf8\" class=\"dslc-module-front dslc-module-DSLC_Image dslc-in-viewport-check dslc-in-viewport-anim-none  dslc-col dslc-6-col dslc-last-col  dslc-module-handle-like-regular \" data-module-id=\"17dq11tnsf8\" data-module=\"DSLC_Image\" data-dslc-module-size=\"6\" data-dslc-anim=\"none\" data-dslc-anim-delay=\"\" data-dslc-anim-duration=\"650\"  data-dslc-anim-easing=\"ease\" data-dslc-preset=\"none\" >\r\n\r\n\t\t\t\r\n\t\t\t\r\n\t\t\t\t<div class=\"dslc-image-container\">\r\n\t\t<div class=\"dslc-image\">\r\n\r\n\t\t\t\r\n\t\t\t\t\r\n\t\t\t\t\t\t\t\t\t<img src=\"https:\/\/caquet.es\/wp-content\/uploads\/2016\/12\/peorqueayer_still8.jpg\" alt=\"\" title=\"\" srcset=\"https:\/\/caquet.es\/wp-content\/uploads\/2016\/12\/peorqueayer_still8.jpg 1920w, https:\/\/caquet.es\/wp-content\/uploads\/2016\/12\/peorqueayer_still8-300x169.jpg 300w, https:\/\/caquet.es\/wp-content\/uploads\/2016\/12\/peorqueayer_still8-768x432.jpg 768w, https:\/\/caquet.es\/wp-content\/uploads\/2016\/12\/peorqueayer_still8-1024x576.jpg 1024w, https:\/\/caquet.es\/wp-content\/uploads\/2016\/12\/peorqueayer_still8-1200x675.jpg 1200w\" sizes=\"(max-width: 1920px) 100vw, 1920px\" \/>\r\n\t\t\t\t\r\n\t\t\t\t\t\t\t\t\t<\/div><!-- .dslc-image -->\r\n\t\t<\/div>\r\n\t\t\r\n\t\t\t\t<\/div><!-- .dslc-module -->\r\n\t\t\r\n\t\t<div id=\"dslc-module-vehmh921bq4\" class=\"dslc-module-front dslc-module-DSLC_Text_Simple dslc-in-viewport-check dslc-in-viewport-anim-none  dslc-col dslc-12-col dslc-last-col  dslc-module-handle-like-regular \" data-module-id=\"vehmh921bq4\" data-module=\"DSLC_Text_Simple\" data-dslc-module-size=\"12\" data-dslc-anim=\"none\" data-dslc-anim-delay=\"\" data-dslc-anim-duration=\"650\"  data-dslc-anim-easing=\"ease\" data-dslc-preset=\"none\" >\r\n\r\n\t\t\t\r\n\t\t\t\r\n\t\t\n\t\t<div class=\"dslc-text-module-content\">\n\t\t\t<p>Directed by: Tha\u00efs Odermatt, Carlos Isabel <br>Written by: Carlos Isabel, Tha\u00efs Odermatt<\/p><p>World Premiere: January 2014<br>Original Version: Spanish (english\/german\/french subtitles), colour, DCP, 24 min.<\/p><p>Production: Tha\u00efs Odermatt, Carlos Isabel <br>Producer: Carlos Isabel, Tha\u00efs Odermatt<\/p><p>Cinematography: Carlos Isabel, Tha\u00efs Odermatt<br>Editing: Rebecca Tr\u00f6sch<br>Location Sound Mix: Carlos Isabel, Tha\u00efs Odermatt<br>Sound Design: Beni Mosele<br>Rerecording Sound Mix: Beni Mosele<br>Music: Marta, Pinche y Zaba Ramirez, Alberto Goicoechea<br><\/p>\t\t<\/div>\n\n\t\t\r\n\t\t\t\t<\/div><!-- .dslc-module -->\r\n\t\t\r\n\t\t<div id=\"dslc-module-he6m76q1goc\" class=\"dslc-module-front dslc-module-DSLC_Button dslc-in-viewport-check dslc-in-viewport-anim-none  dslc-col dslc-6-col  dslc-module-handle-like-regular \" data-module-id=\"he6m76q1goc\" data-module=\"DSLC_Button\" data-dslc-module-size=\"6\" data-dslc-anim=\"none\" data-dslc-anim-delay=\"\" data-dslc-anim-duration=\"650\"  data-dslc-anim-easing=\"ease\" data-dslc-preset=\"none\" >\r\n\r\n\t\t\t\r\n\t\t\t\r\n\t\t\r\n\t\t\t<div class=\"dslc-button\">\r\n\t\t\t\t\t\t\t\t\t<a href=\"http:\/\/caquet.es\/?page_id=241\" target=\"_self\"  onClick=\"OLGA\" class=\"\">\r\n\t\t\t\t\t\t\t\t\t\t\t\t\t\t\t\t\t\t\t\t\t<span class=\"dslc-icon dslc-icon-angle-left\"><\/span>\t\r\n\t\t\t\t\t\t\t\t\t\t\t\t\t\t\t\t\t\t\t\t\t\t\t\t\t\t<span>OLGA<\/span>\r\n\t\t\t\t\t\t\t\t\t\t\t\t\t\t\t\t\t<\/a>\r\n\t\t\t\t\t\t\t<\/div><!-- .dslc-button -->\r\n\r\n\r\n\t\t\t\t\t\t\r\n\t\t\t\t<\/div><!-- .dslc-module -->\r\n\t\t\r\n\t\t<div id=\"dslc-module-vk0n21tsm5k\" class=\"dslc-module-front dslc-module-DSLC_Button dslc-in-viewport-check dslc-in-viewport-anim-none  dslc-col dslc-6-col dslc-last-col  dslc-module-handle-like-regular \" data-module-id=\"vk0n21tsm5k\" data-module=\"DSLC_Button\" data-dslc-module-size=\"6\" data-dslc-anim=\"none\" data-dslc-anim-delay=\"\" data-dslc-anim-duration=\"650\"  data-dslc-anim-easing=\"ease\" data-dslc-preset=\"none\" >\r\n\r\n\t\t\t\r\n\t\t\t\r\n\t\t\r\n\t\t\t<div class=\"dslc-button\">\r\n\t\t\t\t\t\t\t\t\t<a href=\"http:\/\/caquet.es\/?page_id=327\" target=\"_self\"  onClick=\"OLGA\" class=\"\">\r\n\t\t\t\t\t\t\t\t\t\t\t\t\t\t\t\t\t\t\t<span>SLOTH<\/span>\r\n\t\t\t\t\t\t\t\t\t\t\t\t\t\t\t\t\t\t\t\t\t\t\t\t\t\t\t<span class=\"dslc-icon dslc-icon-angle-right\"><\/span>\t\r\n\t\t\t\t\t\t\t\t\t\t\t\t\t\t\t\t\t\t<\/a>\r\n\t\t\t\t\t\t\t<\/div><!-- .dslc-button -->\r\n\r\n\r\n\t\t\t\t\t\t\r\n\t\t\t\t<\/div><!-- .dslc-module -->\r\n\t\t<\/div><\/div><\/div><\/div><\/div>","protected":false},"excerpt":{"rendered":"<p>Peor que ayer, mejor que ma\u00f1ana DoP; CoDirector - Short Doc - 2013 Die Krise ist da. Jeden Tag scheint sie sich neu zu erfinden: Platzende Immobilienblasen, Bankrott, Arbeitslosigkeit, Verlust von Rechten. Pers\u00f6nliche Erz\u00e4hlungen von verschiedensten Menschen vereinigen sich zu einem landesweiten Dialog \u00fcber die Krise in Spanien: Peor que ayer, mejor que ma\u00f1ana. Schlechter [&hellip;]<\/p>\n","protected":false},"author":1,"featured_media":0,"parent":0,"menu_order":0,"comment_status":"closed","ping_status":"closed","template":"","meta":{"_gspb_post_css":"","_crdt_document":"","footnotes":""},"class_list":["post-243","page","type-page","status-publish","hentry"],"blocksy_meta":[],"_links":{"self":[{"href":"https:\/\/caquet.es\/index.php?rest_route=\/wp\/v2\/pages\/243","targetHints":{"allow":["GET"]}}],"collection":[{"href":"https:\/\/caquet.es\/index.php?rest_route=\/wp\/v2\/pages"}],"about":[{"href":"https:\/\/caquet.es\/index.php?rest_route=\/wp\/v2\/types\/page"}],"author":[{"embeddable":true,"href":"https:\/\/caquet.es\/index.php?rest_route=\/wp\/v2\/users\/1"}],"replies":[{"embeddable":true,"href":"https:\/\/caquet.es\/index.php?rest_route=%2Fwp%2Fv2%2Fcomments&post=243"}],"version-history":[{"count":1,"href":"https:\/\/caquet.es\/index.php?rest_route=\/wp\/v2\/pages\/243\/revisions"}],"predecessor-version":[{"id":244,"href":"https:\/\/caquet.es\/index.php?rest_route=\/wp\/v2\/pages\/243\/revisions\/244"}],"wp:attachment":[{"href":"https:\/\/caquet.es\/index.php?rest_route=%2Fwp%2Fv2%2Fmedia&parent=243"}],"curies":[{"name":"wp","href":"https:\/\/api.w.org\/{rel}","templated":true}]}}